{"id":35,"date":"2023-10-01T09:21:56","date_gmt":"2023-10-01T09:21:56","guid":{"rendered":"http:\/\/localhost\/msp\/wordpress\/?page_id=35"},"modified":"2024-11-17T10:52:32","modified_gmt":"2024-11-17T09:52:32","slug":"horaires-du-cabinet-medical","status":"publish","type":"page","link":"https:\/\/msp-la-farlede.fr\/index.php\/horaires-du-cabinet-medical\/","title":{"rendered":"Horaires du cabinet m\u00e9dical"},"content":{"rendered":"\n<div class=\"wp-block-group is-nowrap is-layout-flex wp-container-core-group-is-layout-6c531013 wp-block-group-is-layout-flex\">\n<div class=\"wp-block-group is-vertical is-layout-flex wp-container-core-group-is-layout-fe9cc265 wp-block-group-is-layout-flex\">\n<p>lun-ven : 8h-19h<\/p>\n\n\n\n<p>sam 8h-13h<\/p>\n\n\n\n<p>Adresse 22 rue r\u00e9publique, 83210 la farl\u00e8de<\/p>\n\n\n\n<p>Le cabinet est joignable par t\u00e9l\u00e9phone de 8h \u00e0 17h non-stop<\/p>\n\n\n\n<p>t\u00e9l : 04 94 27 80 40<\/p>\n\n\n\n<p>si le cabinet est injoignable ou en dehors des heures de pr\u00e9sence du secr\u00e9tariat, veuillez composer le 15<\/p>\n\n\n\n<p>Chaque jour les m\u00e9decins mettent \u00e0 disposition plusieurs heures pour les consultations non-programm\u00e9es&nbsp;<\/p>\n<\/div>\n\n\n\n<figure class=\"wp-block-image size-full\"><img loading=\"lazy\" decoding=\"async\" width=\"512\" height=\"512\" src=\"http:\/\/localhost\/msp\/wordpress\/wp-content\/uploads\/2024\/01\/caduceus.png\" alt=\"\" class=\"wp-image-137\" srcset=\"https:\/\/msp-la-farlede.fr\/wp-content\/uploads\/2024\/01\/caduceus.png 512w, https:\/\/msp-la-farlede.fr\/wp-content\/uploads\/2024\/01\/caduceus-300x300.png 300w, https:\/\/msp-la-farlede.fr\/wp-content\/uploads\/2024\/01\/caduceus-150x150.png 150w\" sizes=\"auto, (max-width: 512px) 100vw, 512px\" \/><\/figure>\n<\/div>\n","protected":false},"excerpt":{"rendered":"<p>lun-ven : 8h-19h sam 8h-13h Adresse 22 rue r\u00e9publique, 83210 la farl\u00e8de Le cabinet est joignable par t\u00e9l\u00e9phone de 8h \u00e0 17h non-stop t\u00e9l : 04 94 27 80 40 si le cabinet est injoignable ou en dehors des heures de pr\u00e9sence du secr\u00e9tariat, veuillez composer le 15 Chaque jour les m\u00e9decins mettent \u00e0 disposition &hellip;<\/p>\n<p class=\"read-more\"> <a class=\"\" href=\"https:\/\/msp-la-farlede.fr\/index.php\/horaires-du-cabinet-medical\/\"> <span class=\"screen-reader-text\">Horaires du cabinet m\u00e9dical<\/span> Lire la suite\u00a0\u00bb<\/a><\/p>\n","protected":false},"author":1,"featured_media":0,"parent":0,"menu_order":0,"comment_status":"closed","ping_status":"closed","template":"","meta":{"site-sidebar-layout":"default","site-content-layout":"","ast-site-content-layout":"","site-content-style":"default","site-sidebar-style":"default","ast-global-header-display":"","ast-banner-title-visibility":"","ast-main-header-display":"","ast-hfb-above-header-display":"","ast-hfb-below-header-display":"","ast-hfb-mobile-header-display":"","site-post-title":"","ast-breadcrumbs-content":"","ast-featured-img":"","footer-sml-layout":"","theme-transparent-header-meta":"","adv-header-id-meta":"","stick-header-meta":"","header-above-stick-meta":"","header-main-stick-meta":"","header-below-stick-meta":"","astra-migrate-meta-layouts":"","footnotes":""},"class_list":["post-35","page","type-page","status-publish","hentry"],"_links":{"self":[{"href":"https:\/\/msp-la-farlede.fr\/index.php\/wp-json\/wp\/v2\/pages\/35","targetHints":{"allow":["GET"]}}],"collection":[{"href":"https:\/\/msp-la-farlede.fr\/index.php\/wp-json\/wp\/v2\/pages"}],"about":[{"href":"https:\/\/msp-la-farlede.fr\/index.php\/wp-json\/wp\/v2\/types\/page"}],"author":[{"embeddable":true,"href":"https:\/\/msp-la-farlede.fr\/index.php\/wp-json\/wp\/v2\/users\/1"}],"replies":[{"embeddable":true,"href":"https:\/\/msp-la-farlede.fr\/index.php\/wp-json\/wp\/v2\/comments?post=35"}],"version-history":[{"count":2,"href":"https:\/\/msp-la-farlede.fr\/index.php\/wp-json\/wp\/v2\/pages\/35\/revisions"}],"predecessor-version":[{"id":290,"href":"https:\/\/msp-la-farlede.fr\/index.php\/wp-json\/wp\/v2\/pages\/35\/revisions\/290"}],"wp:attachment":[{"href":"https:\/\/msp-la-farlede.fr\/index.php\/wp-json\/wp\/v2\/media?parent=35"}],"curies":[{"name":"wp","href":"https:\/\/api.w.org\/{rel}","templated":true}]}}