{"id":280,"date":"2024-06-01T11:12:50","date_gmt":"2024-06-01T10:12:50","guid":{"rendered":"http:\/\/localhost\/msp\/wordpress\/?page_id=280"},"modified":"2024-11-25T21:31:16","modified_gmt":"2024-11-25T20:31:16","slug":"mentions-legales","status":"publish","type":"page","link":"https:\/\/msp-la-farlede.fr\/index.php\/mentions-legales\/","title":{"rendered":"Mentions l\u00e9gales"},"content":{"rendered":"\n<h2 class=\"wp-block-heading has-text-align-center\"><strong>Mentions l\u00e9gales<\/strong><\/h2>\n\n\n\n<p class=\"has-text-align-center\"><strong>L&rsquo;Association<\/strong><\/p>\n\n\n\n<p><strong>Nom de l\u2019association&nbsp;:<\/strong> Maison de sant\u00e9 Pluridisciplinaire de la Farl\u00e8de<\/p>\n\n\n\n<p><strong>Adresse&nbsp;:<\/strong> 22 Avenue de la r\u00e9publique 83210 la Farl\u00e8de<\/p>\n\n\n\n<p><strong>Num\u00e9ro de t\u00e9l\u00e9phone&nbsp;:<\/strong> <\/p>\n\n\n\n<p><strong>Directeur de la publication &nbsp;:<\/strong> Christophe BARARALLINI (pr\u00e9sident)<\/p>\n\n\n\n<p class=\"has-text-align-center\"><strong>L&rsquo;H\u00e9bergeur<\/strong><\/p>\n\n\n\n<p><strong>H\u00e9bergeur du site<\/strong> : OVH<br><strong>Si\u00e8ge social<\/strong> : 2 rue Kellermann \u2013 59100 Roubaix \u2013 France<br><strong>N\u00b0 TVA<\/strong> : FR 22 424 761 419<br><strong>Code APE<\/strong> : 2620Z<\/p>\n\n\n\n<p><\/p>\n\n\n\n<p><\/p>\n","protected":false},"excerpt":{"rendered":"<p>Mentions l\u00e9gales L&rsquo;Association Nom de l\u2019association&nbsp;: Maison de sant\u00e9 Pluridisciplinaire de la Farl\u00e8de Adresse&nbsp;: 22 Avenue de la r\u00e9publique 83210 la Farl\u00e8de Num\u00e9ro de t\u00e9l\u00e9phone&nbsp;: Directeur de la publication &nbsp;: Christophe BARARALLINI (pr\u00e9sident) L&rsquo;H\u00e9bergeur H\u00e9bergeur du site : OVHSi\u00e8ge social : 2 rue Kellermann \u2013 59100 Roubaix \u2013 FranceN\u00b0 TVA : FR 22 424 761 &hellip;<\/p>\n<p class=\"read-more\"> <a class=\"\" href=\"https:\/\/msp-la-farlede.fr\/index.php\/mentions-legales\/\"> <span class=\"screen-reader-text\">Mentions l\u00e9gales<\/span> Lire la suite\u00a0\u00bb<\/a><\/p>\n","protected":false},"author":1,"featured_media":0,"parent":0,"menu_order":0,"comment_status":"closed","ping_status":"closed","template":"","meta":{"site-sidebar-layout":"default","site-content-layout":"","ast-site-content-layout":"","site-content-style":"default","site-sidebar-style":"default","ast-global-header-display":"","ast-banner-title-visibility":"","ast-main-header-display":"","ast-hfb-above-header-display":"","ast-hfb-below-header-display":"","ast-hfb-mobile-header-display":"","site-post-title":"","ast-breadcrumbs-content":"","ast-featured-img":"","footer-sml-layout":"","theme-transparent-header-meta":"","adv-header-id-meta":"","stick-header-meta":"","header-above-stick-meta":"","header-main-stick-meta":"","header-below-stick-meta":"","astra-migrate-meta-layouts":"","footnotes":""},"class_list":["post-280","page","type-page","status-publish","hentry"],"_links":{"self":[{"href":"https:\/\/msp-la-farlede.fr\/index.php\/wp-json\/wp\/v2\/pages\/280","targetHints":{"allow":["GET"]}}],"collection":[{"href":"https:\/\/msp-la-farlede.fr\/index.php\/wp-json\/wp\/v2\/pages"}],"about":[{"href":"https:\/\/msp-la-farlede.fr\/index.php\/wp-json\/wp\/v2\/types\/page"}],"author":[{"embeddable":true,"href":"https:\/\/msp-la-farlede.fr\/index.php\/wp-json\/wp\/v2\/users\/1"}],"replies":[{"embeddable":true,"href":"https:\/\/msp-la-farlede.fr\/index.php\/wp-json\/wp\/v2\/comments?post=280"}],"version-history":[{"count":3,"href":"https:\/\/msp-la-farlede.fr\/index.php\/wp-json\/wp\/v2\/pages\/280\/revisions"}],"predecessor-version":[{"id":313,"href":"https:\/\/msp-la-farlede.fr\/index.php\/wp-json\/wp\/v2\/pages\/280\/revisions\/313"}],"wp:attachment":[{"href":"https:\/\/msp-la-farlede.fr\/index.php\/wp-json\/wp\/v2\/media?parent=280"}],"curies":[{"name":"wp","href":"https:\/\/api.w.org\/{rel}","templated":true}]}}