{"id":26,"date":"2023-10-01T09:19:01","date_gmt":"2023-10-01T09:19:01","guid":{"rendered":"http:\/\/localhost\/msp\/wordpress\/?page_id=26"},"modified":"2024-10-20T09:27:13","modified_gmt":"2024-10-20T08:27:13","slug":"msp-la-farlede","status":"publish","type":"page","link":"https:\/\/msp-la-farlede.fr\/index.php\/msp-la-farlede\/","title":{"rendered":"Maison de sant\u00e9 pluriprofessionnelle (MSP) de la Farl\u00e8de et solli\u00e8s-ville"},"content":{"rendered":"\n<h2 class=\"wp-block-heading\" id=\"composition\">Composition<\/h2>\n\n\n\n<div class=\"wp-block-group is-content-justification-space-between is-layout-flex wp-container-core-group-is-layout-224e3988 wp-block-group-is-layout-flex\" style=\"margin-top:var(--wp--preset--spacing--20);margin-bottom:var(--wp--preset--spacing--20);padding-top:var(--wp--preset--spacing--20);padding-right:var(--wp--preset--spacing--20);padding-bottom:var(--wp--preset--spacing--20);padding-left:var(--wp--preset--spacing--20)\">\n<div class=\"wp-block-group is-layout-constrained wp-block-group-is-layout-constrained\">\n<p class=\"membre_title\">Docteur Barallini Christophe<\/p>\n\n\n\n<p>G\u00e9n\u00e9raliste<\/p>\n\n\n\n<p>La Farl\u00e8de<\/p>\n<\/div>\n\n\n\n<div class=\"wp-block-group is-layout-constrained wp-block-group-is-layout-constrained\">\n<p class=\"membre_title\">Docteur Linhares Olivier<\/p>\n\n\n\n<p>G\u00e9n\u00e9raliste<\/p>\n\n\n\n<p>La Farl\u00e8de<\/p>\n<\/div>\n\n\n\n<div class=\"wp-block-group is-layout-constrained wp-block-group-is-layout-constrained\">\n<p class=\"membre_title\">Docteur Vina\u00ef Dourthe Gwena\u00eblle<\/p>\n\n\n\n<p>G\u00e9n\u00e9raliste<\/p>\n\n\n\n<p>La Farl\u00e8de<\/p>\n<\/div>\n\n\n\n<div class=\"wp-block-group is-layout-constrained wp-block-group-is-layout-constrained\">\n<p class=\"membre_title\">Docteur Attencourt Fanny<\/p>\n\n\n\n<p>G\u00e9n\u00e9raliste<\/p>\n\n\n\n<p>La Farl\u00e8de<\/p>\n<\/div>\n\n\n\n<div class=\"wp-block-group is-layout-constrained wp-block-group-is-layout-constrained\">\n<p class=\"membre_title\">Docteur Avallone Matt\u00e9o<\/p>\n\n\n\n<p>G\u00e9n\u00e9raliste<\/p>\n\n\n\n<p>La Farl\u00e8de<\/p>\n<\/div>\n\n\n\n<div class=\"wp-block-group is-layout-constrained wp-block-group-is-layout-constrained\">\n<p class=\"membre_title\">Docteur Vitali Chlo\u00e9<\/p>\n\n\n\n<p>G\u00e9n\u00e9raliste<\/p>\n\n\n\n<p>La Farl\u00e8de<\/p>\n<\/div>\n\n\n\n<div class=\"wp-block-group is-layout-constrained wp-block-group-is-layout-constrained\">\n<p class=\"membre_title\">Docteur Armougom Na\u00efma<\/p>\n\n\n\n<p>G\u00e9n\u00e9raliste<\/p>\n\n\n\n<p>La Farl\u00e8de<\/p>\n<\/div>\n\n\n\n<div class=\"wp-block-group is-layout-constrained wp-block-group-is-layout-constrained\">\n<p class=\"membre_title\">Docteur Baillon Jean-Philippe<\/p>\n\n\n\n<p>Pharmacien<\/p>\n\n\n\n<p>La Farl\u00e8de<\/p>\n<\/div>\n\n\n\n<div class=\"wp-block-group is-layout-constrained wp-block-group-is-layout-constrained\">\n<p class=\"membre_title\">Docteur Mat\u00e9o Olivier<\/p>\n\n\n\n<p>Pharmacien<\/p>\n\n\n\n<p>La Farl\u00e8de<\/p>\n<\/div>\n\n\n\n<div class=\"wp-block-group is-layout-constrained wp-block-group-is-layout-constrained\">\n<p class=\"membre_title\">Monsieur Bocquier Jean-Fran\u00e7ois<\/p>\n\n\n\n<p>Masseur Kin\u00e9sitherapeute<\/p>\n\n\n\n<p>Solli\u00e8s-toucas<\/p>\n<\/div>\n\n\n\n<div class=\"wp-block-group is-layout-constrained wp-block-group-is-layout-constrained\">\n<p class=\"membre_title\">Madame Hahn C\u00e9line<\/p>\n\n\n\n<p>Infirmi\u00e8re<\/p>\n\n\n\n<p>La Farl\u00e8de<\/p>\n<\/div>\n\n\n\n<div class=\"wp-block-group is-layout-constrained wp-block-group-is-layout-constrained\">\n<p class=\"membre_title\">Madame Chafino Maryline<\/p>\n\n\n\n<p>Infirmi\u00e8re<\/p>\n\n\n\n<p>La Farl\u00e8de<\/p>\n<\/div>\n\n\n\n<div class=\"wp-block-group is-layout-constrained wp-block-group-is-layout-constrained\">\n<p class=\"membre_title\">Madame Reboul Katia<\/p>\n\n\n\n<p>Coordinatrice<\/p>\n\n\n\n<p>Solli\u00e8s-ville<\/p>\n<\/div>\n<\/div>\n\n\n\n<h2 class=\"wp-block-heading\" id=\"missions\">Missions<\/h2>\n\n\n\n<p>La mission d\u2019une MSP est de coordonner les soins en travaillant en \u00e9quipe pluriprofessionnelle en \u00e9laborant des protocoles, des actions de pr\u00e9vention et missions de sant\u00e9 publique, en optimisant les soins pour la patient\u00e8le de la MSP autour de large plages d\u2019horaires d\u2019ouverture quotidiennes du cabinet m\u00e9dical.<\/p>\n\n\n\n<p>Notre MSP aura donc pour vocation d\u2019am\u00e9liorer la prise en charge pluriprofessionnelle de nos patients et d\u2019effectuer un travail de pr\u00e9vention dans et hors les murs du cabinet.<\/p>\n\n\n\n<p>Ce projet est port\u00e9 par les membres de la MSP mais aussi par l\u2019ARS et la S\u00e9curit\u00e9-sociale et permet de r\u00e9pondre aux d\u00e9fis d\u2019aujourd\u2019hui et de demain dans le domaine de la sant\u00e9.<\/p>\n\n\n\n<p><\/p>\n","protected":false},"excerpt":{"rendered":"<p>Composition Docteur Barallini Christophe G\u00e9n\u00e9raliste La Farl\u00e8de Docteur Linhares Olivier G\u00e9n\u00e9raliste La Farl\u00e8de Docteur Vina\u00ef Dourthe Gwena\u00eblle G\u00e9n\u00e9raliste La Farl\u00e8de Docteur Attencourt Fanny G\u00e9n\u00e9raliste La Farl\u00e8de Docteur Avallone Matt\u00e9o G\u00e9n\u00e9raliste La Farl\u00e8de Docteur Vitali Chlo\u00e9 G\u00e9n\u00e9raliste La Farl\u00e8de Docteur Armougom Na\u00efma G\u00e9n\u00e9raliste La Farl\u00e8de Docteur Baillon Jean-Philippe Pharmacien La Farl\u00e8de Docteur Mat\u00e9o Olivier Pharmacien La &hellip;<\/p>\n<p class=\"read-more\"> <a class=\"\" href=\"https:\/\/msp-la-farlede.fr\/index.php\/msp-la-farlede\/\"> <span class=\"screen-reader-text\">Maison de sant\u00e9 pluriprofessionnelle (MSP) de la Farl\u00e8de et solli\u00e8s-ville<\/span> Lire la suite\u00a0\u00bb<\/a><\/p>\n","protected":false},"author":1,"featured_media":0,"parent":0,"menu_order":0,"comment_status":"closed","ping_status":"closed","template":"","meta":{"site-sidebar-layout":"default","site-content-layout":"","ast-site-content-layout":"","site-content-style":"default","site-sidebar-style":"default","ast-global-header-display":"","ast-banner-title-visibility":"","ast-main-header-display":"","ast-hfb-above-header-display":"","ast-hfb-below-header-display":"","ast-hfb-mobile-header-display":"","site-post-title":"","ast-breadcrumbs-content":"","ast-featured-img":"","footer-sml-layout":"","theme-transparent-header-meta":"","adv-header-id-meta":"","stick-header-meta":"","header-above-stick-meta":"","header-main-stick-meta":"","header-below-stick-meta":"","astra-migrate-meta-layouts":"","footnotes":""},"class_list":["post-26","page","type-page","status-publish","hentry"],"_links":{"self":[{"href":"https:\/\/msp-la-farlede.fr\/index.php\/wp-json\/wp\/v2\/pages\/26","targetHints":{"allow":["GET"]}}],"collection":[{"href":"https:\/\/msp-la-farlede.fr\/index.php\/wp-json\/wp\/v2\/pages"}],"about":[{"href":"https:\/\/msp-la-farlede.fr\/index.php\/wp-json\/wp\/v2\/types\/page"}],"author":[{"embeddable":true,"href":"https:\/\/msp-la-farlede.fr\/index.php\/wp-json\/wp\/v2\/users\/1"}],"replies":[{"embeddable":true,"href":"https:\/\/msp-la-farlede.fr\/index.php\/wp-json\/wp\/v2\/comments?post=26"}],"version-history":[{"count":10,"href":"https:\/\/msp-la-farlede.fr\/index.php\/wp-json\/wp\/v2\/pages\/26\/revisions"}],"predecessor-version":[{"id":292,"href":"https:\/\/msp-la-farlede.fr\/index.php\/wp-json\/wp\/v2\/pages\/26\/revisions\/292"}],"wp:attachment":[{"href":"https:\/\/msp-la-farlede.fr\/index.php\/wp-json\/wp\/v2\/media?parent=26"}],"curies":[{"name":"wp","href":"https:\/\/api.w.org\/{rel}","templated":true}]}}