{"id":10,"date":"2023-10-01T09:02:18","date_gmt":"2023-10-01T09:02:18","guid":{"rendered":"http:\/\/localhost\/msp\/wordpress\/?page_id=10"},"modified":"2025-03-17T19:49:39","modified_gmt":"2025-03-17T18:49:39","slug":"home","status":"publish","type":"page","link":"https:\/\/msp-la-farlede.fr\/","title":{"rendered":"Accueil"},"content":{"rendered":"\n<div class=\"wp-block-cover alignfull max-height-80-vh\" style=\"min-height:801px;aspect-ratio:unset;\"><span aria-hidden=\"true\" class=\"wp-block-cover__background has-background-dim-30 has-background-dim\"><\/span><img loading=\"lazy\" decoding=\"async\" width=\"1024\" height=\"768\" class=\"wp-block-cover__image-background wp-image-52\" alt=\"\" src=\"http:\/\/localhost\/msp\/wordpress\/wp-content\/uploads\/2023\/10\/olivier.webp\" data-object-fit=\"cover\" srcset=\"https:\/\/msp-la-farlede.fr\/wp-content\/uploads\/2023\/10\/olivier.webp 1024w, https:\/\/msp-la-farlede.fr\/wp-content\/uploads\/2023\/10\/olivier-300x225.webp 300w, https:\/\/msp-la-farlede.fr\/wp-content\/uploads\/2023\/10\/olivier-768x576.webp 768w\" sizes=\"auto, (max-width: 1024px) 100vw, 1024px\" \/><div class=\"wp-block-cover__inner-container is-layout-flow wp-block-cover-is-layout-flow\">\n<div class=\"inherit-container-width wp-block-group alignwide is-layout-constrained wp-block-group-is-layout-constrained\">\n<div class=\"wp-block-columns alignwide are-vertically-aligned-center is-layout-flex wp-container-core-columns-is-layout-28f84493 wp-block-columns-is-layout-flex\">\n<div class=\"wp-block-column is-layout-flow wp-block-column-is-layout-flow\" style=\"flex-basis:85%\">\n<h1 class=\"wp-block-heading has-text-align-left has-white-color has-text-color has-x-large-font-size\">Maison de sant\u00e9 pluriprofessionnelle de la farl\u00e8de<\/h1>\n\n\n\n<p class=\"has-text-align-left hidden\"><strong>Prochaine <a href=\"https:\/\/msp-la-farlede.fr\/index.php\/actions\/\" data-type=\"page\" data-id=\"32\" class='link_action'>action<\/a> de la MSP<\/strong><\/p>\n<\/div>\n<\/div>\n<\/div>\n\n\n\n<div class=\"wp-block-group col-gap-5 is-nowrap is-layout-flex wp-container-core-group-is-layout-6c531013 wp-block-group-is-layout-flex\">\n<p class=\"action_ref hidden\"><strong>Conf\u00e9rence sur la maladie d&rsquo;alzheimer<\/strong> <\/p>\n\n\n\n<i class=\"hidden chevron fa-solid fa-chevron-down\"><\/i>\n<\/div>\n\n\n\n<p class=\"action_info\"><strong>27 rue de la Paix, 83000 Toulon<\/strong><\/p>\n\n\n\n<script src=\"https:\/\/kit.fontawesome.com\/fb8fe154b9.js\" crossorigin=\"anonymous\"><\/script>\n<script>\ndocument.querySelector('.action_info').classList.add('hidden');\ndocument.querySelector('.action_ref').addEventListener('click', function(){\n actionInfo = document.querySelector('.action_info');\n chevron = document.querySelector('.chevron');\n if(actionInfo.classList.contains('hidden')){\n  chevron.classList.add('rotate-180');\n  actionInfo.classList.remove('hidden');\n } else {\n    actionInfo.classList.add('hidden');\n    chevron.classList.remove('rotate-180')\n   }\n})\n<\/script>\n\n\n\n<div class='arrow-down'><i class=\"fa-solid slide-top fa-arrow-down\"><\/i><\/div>\n<\/div><\/div>\n\n\n\n<div class=\"wp-block-group alignfull has-ast-global-color-5-background-color has-background is-vertical is-content-justification-center is-layout-flex wp-container-core-group-is-layout-0f24be86 wp-block-group-is-layout-flex\" style=\"padding-bottom:0px\">\n<div class=\"wp-block-group is-vertical is-layout-flex wp-container-core-group-is-layout-fe9cc265 wp-block-group-is-layout-flex\">\n<div class=\"wp-block-group is-horizontal is-nowrap is-layout-flex wp-container-core-group-is-layout-2487dcaa wp-block-group-is-layout-flex\">\n<figure class=\"wp-block-image size-full is-resized\"><img loading=\"lazy\" decoding=\"async\" width=\"512\" height=\"512\" src=\"https:\/\/msp-la-farlede.fr\/wp-content\/uploads\/2024\/01\/caduceus.png\" alt=\"\" class=\"wp-image-137\" style=\"aspect-ratio:0.8214285714285714;width:117px;height:auto\" srcset=\"https:\/\/msp-la-farlede.fr\/wp-content\/uploads\/2024\/01\/caduceus.png 512w, https:\/\/msp-la-farlede.fr\/wp-content\/uploads\/2024\/01\/caduceus-300x300.png 300w, https:\/\/msp-la-farlede.fr\/wp-content\/uploads\/2024\/01\/caduceus-150x150.png 150w\" sizes=\"auto, (max-width: 512px) 100vw, 512px\" \/><\/figure>\n\n\n\n<div class=\"wp-block-group is-layout-constrained wp-block-group-is-layout-constrained\">\n<h3 class=\"wp-block-heading has-text-align-left\" style=\"margin-top:16px\">Le mot du m\u00e9decin<\/h3>\n\n\n\n<p>Une pomme par jour \u00e9loigne le m\u00e9decin<\/p>\n\n\n\n<p>En effet, le pouvoir antioxydant de certains aliments neutralise certaines mol\u00e9cules nuisibles.<\/p>\n\n\n\n<p>Certains aliments, l\u2019activit\u00e9 physique r\u00e9guli\u00e8re et une vie saine sont le combo n\u00e9cessaire pour \u00e9viter \u00e0 votre m\u00e9decin de travailler 80 heures par semaine.<\/p>\n\n\n\n<p>Docteur Barallini Christophe.<\/p>\n<\/div>\n<\/div>\n\n\n\n<div class=\"wp-block-group is-horizontal is-nowrap is-layout-flex wp-container-core-group-is-layout-2487dcaa wp-block-group-is-layout-flex\">\n<figure class=\"wp-block-image size-full is-resized hidden\"><img loading=\"lazy\" decoding=\"async\" width=\"512\" height=\"512\" src=\"https:\/\/msp-la-farlede.fr\/wp-content\/uploads\/2024\/01\/nutritionist.png\" alt=\"\" class=\"wp-image-139\" style=\"aspect-ratio:0.8214285714285714;width:98px;height:auto\" srcset=\"https:\/\/msp-la-farlede.fr\/wp-content\/uploads\/2024\/01\/nutritionist.png 512w, https:\/\/msp-la-farlede.fr\/wp-content\/uploads\/2024\/01\/nutritionist-300x300.png 300w, https:\/\/msp-la-farlede.fr\/wp-content\/uploads\/2024\/01\/nutritionist-150x150.png 150w\" sizes=\"auto, (max-width: 512px) 100vw, 512px\" \/><\/figure>\n\n\n\n<div class=\"wp-block-group hidden is-layout-constrained wp-block-group-is-layout-constrained\">\n<h3 class=\"wp-block-heading has-text-align-left\" style=\"margin-top:16px\">Le mot du <strong>nutritionniste<\/strong><\/h3>\n\n\n\n<p class=\"has-text-align-left\">en PACA seulement 50%<\/p>\n<\/div>\n<\/div>\n\n\n\n<div class=\"wp-block-group is-horizontal is-nowrap is-layout-flex wp-container-core-group-is-layout-2487dcaa wp-block-group-is-layout-flex\">\n<figure class=\"wp-block-image size-full is-resized hidden\"><img loading=\"lazy\" decoding=\"async\" width=\"512\" height=\"512\" src=\"https:\/\/msp-la-farlede.fr\/wp-content\/uploads\/2024\/01\/physiotherapist.png\" alt=\"\" class=\"wp-image-140\" style=\"aspect-ratio:0.8214285714285714;width:93px;height:auto\" srcset=\"https:\/\/msp-la-farlede.fr\/wp-content\/uploads\/2024\/01\/physiotherapist.png 512w, https:\/\/msp-la-farlede.fr\/wp-content\/uploads\/2024\/01\/physiotherapist-300x300.png 300w, https:\/\/msp-la-farlede.fr\/wp-content\/uploads\/2024\/01\/physiotherapist-150x150.png 150w\" sizes=\"auto, (max-width: 512px) 100vw, 512px\" \/><\/figure>\n\n\n\n<div class=\"wp-block-group hidden is-layout-constrained wp-block-group-is-layout-constrained\">\n<h3 class=\"wp-block-heading has-text-align-left\" style=\"margin-top:16px\">Le mot du kin\u00e9<\/h3>\n\n\n\n<p class=\"has-text-align-left\">en PACA seulement 50%<\/p>\n<\/div>\n<\/div>\n\n\n\n<div class=\"wp-block-group is-horizontal is-nowrap is-layout-flex wp-container-core-group-is-layout-2487dcaa wp-block-group-is-layout-flex\">\n<figure class=\"wp-block-image size-full is-resized\"><img loading=\"lazy\" decoding=\"async\" width=\"512\" height=\"512\" src=\"https:\/\/msp-la-farlede.fr\/wp-content\/uploads\/2024\/01\/bar-chart.png\" alt=\"\" class=\"wp-image-138\" style=\"aspect-ratio:0.8214285714285714;width:99px;height:auto\" srcset=\"https:\/\/msp-la-farlede.fr\/wp-content\/uploads\/2024\/01\/bar-chart.png 512w, https:\/\/msp-la-farlede.fr\/wp-content\/uploads\/2024\/01\/bar-chart-300x300.png 300w, https:\/\/msp-la-farlede.fr\/wp-content\/uploads\/2024\/01\/bar-chart-150x150.png 150w\" sizes=\"auto, (max-width: 512px) 100vw, 512px\" \/><\/figure>\n\n\n\n<div class=\"wp-block-group is-layout-constrained wp-block-group-is-layout-constrained\">\n<h3 class=\"wp-block-heading has-text-align-left\" style=\"margin-top:16px\">Les statistiques qui comptent<\/h3>\n\n\n\n<p>Seulement 50,6% des femmes font la <a href=\"https:\/\/www.ameli.fr\/assure\/sante\/themes\/cancer-sein\/depistage-organise-50-74-ans\">mammographie de d\u00e9pistage<\/a> organis\u00e9e par la S\u00e9curit\u00e9-sociale<\/p>\n\n\n\n<p>dans 22,5% des cas de d\u00e9c\u00e8s sur la route le conducteur est sous l\u2019emprise de drogue<\/p>\n\n\n\n<p>Violences conjugales 2022 : 244 000 victimes augmentation de 15% par rapport \u00e0 2021<\/p>\n<\/div>\n<\/div>\n\n\n\n<p class=\"has-text-align-left\"><\/p>\n<\/div>\n<\/div>\n","protected":false},"excerpt":{"rendered":"<p>Le mot du m\u00e9decin Une pomme par jour \u00e9loigne le m\u00e9decin En effet, le pouvoir antioxydant de certains aliments neutralise certaines mol\u00e9cules nuisibles. Certains aliments, l\u2019activit\u00e9 physique r\u00e9guli\u00e8re et une vie saine sont le combo n\u00e9cessaire pour \u00e9viter \u00e0 votre m\u00e9decin de travailler 80 heures par semaine. Docteur Barallini Christophe. Le mot du nutritionniste en &hellip;<\/p>\n<p class=\"read-more\"> <a class=\"\" href=\"https:\/\/msp-la-farlede.fr\/\"> <span class=\"screen-reader-text\">Accueil<\/span> Lire la suite\u00a0\u00bb<\/a><\/p>\n","protected":false},"author":1,"featured_media":0,"parent":0,"menu_order":0,"comment_status":"closed","ping_status":"closed","template":"","meta":{"site-sidebar-layout":"no-sidebar","site-content-layout":"plain-container","ast-site-content-layout":"","site-content-style":"default","site-sidebar-style":"default","ast-global-header-display":"","ast-banner-title-visibility":"","ast-main-header-display":"","ast-hfb-above-header-display":"","ast-hfb-below-header-display":"","ast-hfb-mobile-header-display":"","site-post-title":"disabled","ast-breadcrumbs-content":"","ast-featured-img":"","footer-sml-layout":"","theme-transparent-header-meta":"enabled","adv-header-id-meta":"","stick-header-meta":"","header-above-stick-meta":"","header-main-stick-meta":"","header-below-stick-meta":"","astra-migrate-meta-layouts":"","footnotes":""},"class_list":["post-10","page","type-page","status-publish","hentry"],"_links":{"self":[{"href":"https:\/\/msp-la-farlede.fr\/index.php\/wp-json\/wp\/v2\/pages\/10","targetHints":{"allow":["GET"]}}],"collection":[{"href":"https:\/\/msp-la-farlede.fr\/index.php\/wp-json\/wp\/v2\/pages"}],"about":[{"href":"https:\/\/msp-la-farlede.fr\/index.php\/wp-json\/wp\/v2\/types\/page"}],"author":[{"embeddable":true,"href":"https:\/\/msp-la-farlede.fr\/index.php\/wp-json\/wp\/v2\/users\/1"}],"replies":[{"embeddable":true,"href":"https:\/\/msp-la-farlede.fr\/index.php\/wp-json\/wp\/v2\/comments?post=10"}],"version-history":[{"count":40,"href":"https:\/\/msp-la-farlede.fr\/index.php\/wp-json\/wp\/v2\/pages\/10\/revisions"}],"predecessor-version":[{"id":325,"href":"https:\/\/msp-la-farlede.fr\/index.php\/wp-json\/wp\/v2\/pages\/10\/revisions\/325"}],"wp:attachment":[{"href":"https:\/\/msp-la-farlede.fr\/index.php\/wp-json\/wp\/v2\/media?parent=10"}],"curies":[{"name":"wp","href":"https:\/\/api.w.org\/{rel}","templated":true}]}}